{"id":2576,"date":"2022-12-18T12:48:00","date_gmt":"2022-12-18T12:48:00","guid":{"rendered":"https:\/\/reos-hotel-allgaeu.de\/?page_id=2576"},"modified":"2023-12-21T13:50:59","modified_gmt":"2023-12-21T12:50:59","slug":"agb","status":"publish","type":"page","link":"https:\/\/reos-hotel-allgaeu.de\/isny\/agb\/","title":{"rendered":"AGB"},"content":{"rendered":"<div class=\"fusion-fullwidth fullwidth-box fusion-builder-row-1 fusion-flex-container has-pattern-background has-mask-background nonhundred-percent-fullwidth non-hundred-percent-height-scrolling\" style=\"--awb-border-radius-top-left:0px;--awb-border-radius-top-right:0px;--awb-border-radius-bottom-right:0px;--awb-border-radius-bottom-left:0px;--awb-margin-top:200px;--awb-flex-wrap:wrap;\" ><div class=\"fusion-builder-row fusion-row fusion-flex-align-items-flex-start fusion-flex-content-wrap\" style=\"max-width:calc( 1400px + 30px );margin-left: calc(-30px \/ 2 );margin-right: calc(-30px \/ 2 );\"><div class=\"fusion-layout-column fusion_builder_column fusion-builder-column-0 fusion_builder_column_1_1 1_1 fusion-flex-column\" style=\"--awb-bg-size:cover;--awb-width-large:100%;--awb-margin-top-large:0px;--awb-spacing-right-large:15px;--awb-margin-bottom-large:20px;--awb-spacing-left-large:15px;--awb-width-medium:100%;--awb-order-medium:0;--awb-spacing-right-medium:15px;--awb-spacing-left-medium:15px;--awb-width-small:100%;--awb-order-small:0;--awb-spacing-right-small:15px;--awb-spacing-left-small:15px;\"><div class=\"fusion-column-wrapper fusion-column-has-shadow fusion-flex-justify-content-flex-start fusion-content-layout-column\"><div class=\"fusion-text fusion-text-1\"><h1>ALLGEMEINE GESCH\u00c4FTSBEDINGUNGEN<\/h1>\n<h2>Anwendungsbereich<\/h2>\n<ol>\n<li>Diese Allgemeinen Gesch\u00e4ftsbedingungen (AGB) gelten f\u00fcr Vertr\u00e4ge \u00fcber die mietweise \u00dcberlassung von Hotelzimmern zur Beherbergung, sowie alle in diesem Zusammenhang weiteren Leistungen und Lieferungen der Seppi\u00b4s Hotel GmbH (im weiteren Verlauf &#8222;Hotel&#8220; benannt).<\/li>\n<li>Allgemeine Gesch\u00e4ftsbedingungen des Kunden finden nur Anwendung, wenn dies vorher ausdr\u00fccklich schriftlich vereinbart wurde.<\/li>\n<li>Diese Gastaufnahme-Bedingungen beinhalten datenschutzrechtliche Hinweise unter VIII. und beinhalten auch die Datenschutzerkl\u00e4rung.<\/li>\n<li>Sollten einzelne der nachstehenden Regelungen aus irgendwelchen Gr\u00fcnden unwirksam sein, so ber\u00fchrt dies die G\u00fcltigkeit des Vertrags und der \u00fcbrigen Bedingungen nicht. Im \u00dcbrigen gelten die gesetzlichen Regelungen.<\/li>\n<\/ol>\n<h2>Vertragsschluss und Vertragsinhalt<\/h2>\n<ol>\n<li>Angebote des Hotels sind stets freibleibend. Der Vertrag kommt durch die Annahme der Buchung durch das Hotel zustande. Dem Hotel steht es frei, die Buchung in Textform zu best\u00e4tigen. Dem Hotel steht es frei, f\u00fcr die Zimmerbuchung eine schriftliche R\u00fcckbest\u00e4tigung des Kunden zu verlangen. Wird eine schriftliche R\u00fcckbest\u00e4tigung eingefordert muss diese dem Hotel sp\u00e4testens bis zum vereinbarten Zeitpunkt schriftlich zugegangen sein. Dem Hotel steht es frei nicht best\u00e4tigte oder nicht rechtzeitig best\u00e4tigte Zimmerbuchungen zu stornieren.<\/li>\n<li>Vertragspartner ist die Seppi\u00b4s Hotel GmbH und der Kunde. Hat ein Dritter f\u00fcr den Kunden bestellt, haftet er dem Hotel gegen\u00fcber zusammen mit dem Kunden als Gesamtschuldner f\u00fcr alle Verpflichtungen aus dem Hotelaufnahmevertrag, sofern dem Hotel eine entsprechende Erkl\u00e4rung des Dritten vorliegt.<\/li>\n<li>Die Unter- oder Weitervermietung der \u00fcberlassenen Zimmer sowie deren Nutzung zu anderen als Beherbergungszwecken bed\u00fcrfen der vorherigen schriftlichen Zustimmung des Hotels.<\/li>\n<li>Alle Anspr\u00fcche gegen das Hotel verj\u00e4hren grunds\u00e4tzlich in einem Jahr ab dem gesetzlichen Verj\u00e4hrungsbeginn. Schadensersatzanspr\u00fcche verj\u00e4hren kenntnisunabh\u00e4ngig in f\u00fcnf Jahren. Die Verj\u00e4hrungsverk\u00fcrzungen gelten nicht bei Anspr\u00fcchen, die auf einer vors\u00e4tzlichen oder grob fahrl\u00e4ssigen Pflichtverletzung des Hotels beruhen.<\/li>\n<li>Der Kunde erwirbt keinen Anspruch auf die Bereitstellung bestimmter Zimmer. Soweit nicht anders vereinbart, sind Hotelzimmer am Anreisetag ab 15.00 Uhr in Anspruch zu nehmen und am Abreisetag bis sp\u00e4testens 11.00 Uhr zu r\u00e4umen. Eine versp\u00e4tete Abreise wird mit 50 Prozent des t\u00e4glichen Zimmerpreises berechnet. Sollte das Zimmer ferner bis 12.00 Uhr nicht ger\u00e4umt sein, beh\u00e4lt sich das Hotel vor, dieses zu r\u00e4umen.<\/li>\n<\/ol>\n<h2>Zahlungsbestimmungen<\/h2>\n<ol>\n<li>Es gelten die in der Buchungsbest\u00e4tigung des Hotels enthaltenen Preise. Diese verstehen sich inklusive der zum Zeitpunkt des Vertragsschlusses geltenden Steuern und lokalen Abgaben, sofern nicht anders vereinbart.<\/li>\n<li>\u00dcberschreitet der Zeitraum zwischen Vertragsabschluss und Vertragserf\u00fcllung vier Monate und erh\u00f6ht sich der vom Hotel f\u00fcr die vereinbarten Leistungen allgemein berechnete Preis oder die gesetzliche Mehrwertsteuer oder erh\u00f6hen sich die Kosten f\u00fcr in Verbindung mit der Beherbergung stehende Leistungen Dritter, ist das Hotel berechtigt, den vereinbarten Preis angemessen anzuheben. Erh\u00f6ht sich der Preis um mehr als 5%, ist der Kunde zum R\u00fccktritt vom Vertrag berechtigt.<\/li>\n<li>Das Hotel kann vom Kunden eine Vorauszahlung oder die Stellung angemessener Sicherheiten verlangen.<\/li>\n<li>Das Hotel kann die unverz\u00fcgliche Zahlung f\u00e4lliger Forderungen jederzeit vom Kunden verlangen. Sofern keine festen Zahlungstermine vereinbart sind, haben Zahlungen innerhalb von 10 Tagen ab Zugang der Rechnung, sp\u00e4testens jedoch 30 Tage nach Abreise zu erfolgen. Mit Ablauf der Zahlungsfrist tritt Verzug ein. Bei Zahlungsverzug des Kunden gelten die gesetzlichen Regelungen. Der Kunde kann nur mit unbestrittenen oder rechtskr\u00e4ftigen Forderungen aufrechnen.<\/li>\n<\/ol>\n<h2>Haftung des Hotels<\/h2>\n<ol>\n<li>Das Hotel haftet nur bei Vorsatz und grober Fahrl\u00e4ssigkeit des Hotels, seiner gesetzlichen Vertreter oder Erf\u00fcllungsgehilfen. Bei Verletzung wesentlicher Vertragspflichten haftet das Hotel auch bei einfacher Fahrl\u00e4ssigkeit. In diesem Fall ist die Haftung auf den Ersatz des vorhersehbaren, vertragstypischen Schadens begrenzt. Die Haftung des Hotels bei Sch\u00e4den aus der Verletzung des Lebens, des K\u00f6rpers oder der Gesundheit bleibt unber\u00fchrt.<\/li>\n<li>F\u00fcr eingebrachte Sachen eines Beherbergungsgastes haftet das Hotel dar\u00fcber hinaus nur nach Ma\u00dfgabe der \u00a7\u00a7 701 f. BGB, d.h. bis zu einem Betrag, der dem Hundertfachen des Beherbergungspreises f\u00fcr einen Tag entspricht, jedoch mindestens bis zu dem Betrag von 600,00 \u20ac und h\u00f6chstens bis zu einem Betrag von 3.500,00 \u20ac bzw. 800,00 \u20ac f\u00fcr Geld, Wertpapiere und Kostbarkeiten. Der Kunde wird das Hotel rechtzeitig auf die M\u00f6glichkeit der Entstehung eines au\u00dfergew\u00f6hnlich hohen Schadens hinweisen.<\/li>\n<\/ol>\n<h2>Haftung des Kunden<\/h2>\n<ol>\n<li>Der Kunde haftet f\u00fcr alle Sch\u00e4den an Geb\u00e4ude oder Inventar, die durch ihn selbst sowie weitere G\u00e4ste und sonstige Dritte aus seinem Bereich verursacht werden.<\/li>\n<li>Sofern das Hotel auf Veranlassung des Kunden technische und sonstige Einrichtungen von Dritten beschafft, handelt es ausschlie\u00dflich im Namen, in Vollmacht und f\u00fcr Rechnung des Kunden. Der Kunde haftet dem Dritten gegen\u00fcber f\u00fcr die pflegliche Behandlung und ordnungsgem\u00e4\u00dfe R\u00fcckgabe der Einrichtungen. Er stellt das Hotel von allen Anspr\u00fcchen Dritter aus der \u00dcberlassung der Einrichtung frei.<\/li>\n<li>Im gesamten Hotel besteht Rauchverbot. Rauchen G\u00e4ste dennoch im Zimmer, beteiligen wir den Gast an den Reinigungskosten mit 100,-EUR. Kann das Zimmer wegen starken Rauchgeruchs am n\u00e4chsten Tag nicht vermietet werden, wird eine zus\u00e4tzliche Nacht laut Listenpreis in Rechnung gestellt. Alle R\u00e4umlichkeiten und G\u00e4stezimmer sind per Rauchmelder mit einer Brandmeldezentrale verbunden. Im Falle eines Feueralarms durch Verschulden des Gastes sind alle anfallenden Kosten die in unmittelbarer Verbindung damit stehen, wie z.B. der Einsatz der Feuerwehr oder die Folgekosten zur Wiederherstellung des Betriebszustandes, allein durch den Gast zu tragen.<\/li>\n<\/ol>\n<h2>R\u00fccktritt und Stornierung<\/h2>\n<ol>\n<li>F\u00fcr Stornierungen einer Gruppenbuchung (Ab 10 Zimmern) gelten folgende Bedingungen: Stornierungen bis 4 Wochen vor der Anreise sind kostenfrei. Bei Stornierungen bis 2 Wochen vor der Anreise wird eine Geb\u00fchr in H\u00f6he von 50% des Gesamtpreises f\u00e4llig. Stornierungen die 1 Woche vor Anreise get\u00e4tigt werden, f\u00fchren zu einer 100%igen Berechnung des Gesamtpreises. Werden die vereinbarten Leistungen des Hotels ganz oder teilweise nicht in Anspruch genommen, ist das Hotel berechtigt, den vereinbarten Preis zu berechnen.<\/li>\n<li>Storniert der Kunde die Buchung sp\u00e4ter als 48 h vor dem Anreisetag oder nimmt er die vereinbarten Leistungen des Hotels ganz oder teilweise nicht in Anspruch, ist das Hotel berechtigt, den vereinbarten Preis zu berechnen. Das Hotel kann die ersparten Aufwendungen pauschalieren. Der Kunde ist dann verpflichtet, 100% des vereinbarten Nettopreises zu zahlen. Ein R\u00fccktritt bis 48 h vor dem Anreisetag ist kostenfrei. Vorstehende Regelungen gelten nicht, wenn dem Kunden ein gesetzliches oder vertragliches R\u00fccktrittsrecht zusteht.<\/li>\n<li>Als Stornierung gilt auch eine Ver\u00e4nderung des Vertragsumfangs durch versp\u00e4tete Ankunft oder vorzeitige Abreise, sowie \u00c4nderung der Teilnehmerzahl.<\/li>\n<li>Dem Kunden steht der Nachweis frei, dass der Anspruch auf Zahlung nicht oder nicht in geforderter H\u00f6he entstanden ist.<\/li>\n<li>Wird eine vereinbarte Vorauszahlung auch nach Verstreichen einer vom Hotel gesetzten angemessenen Nachfrist nicht geleistet, so ist das Hotel zum R\u00fccktritt vom Vertrag berechtigt.<\/li>\n<li>Ferner ist das Hotel berechtigt, aus sachlich gerechtfertigtem Grund vom Vertrag zur\u00fcckzutreten, beispielsweise falls:\n<ol>\n<li>h\u00f6here Gewalt oder andere vom Hotel nicht zu vertretende Umst\u00e4nde die Erf\u00fcllung des Vertrages unm\u00f6glich machen.<\/li>\n<li>Beherbergungen sowie Veranstaltungen unter irref\u00fchrender oder falscher Angabe wesentlicher Tatsachen, z.B. des Kunden oder Zwecks, gebucht werden, wesentlich kann dabei die Identit\u00e4t des Kunden, die Zahlungsf\u00e4higkeit oder der Aufenthaltszweck sein.<\/li>\n<li>das Hotel begr\u00fcndeten Anlass zu der Annahme hat, dass die Beherbergung und\/oder Veranstaltung den reibungslosen Gesch\u00e4ftsbetrieb, die Sicherheit oder das Ansehen des Hotels in der \u00d6ffentlichkeit gef\u00e4hrden kann, ohne dass dies dem Herrschafts- bzw. Organisationsbereich des Hotels zuzurechnen ist.<\/li>\n<\/ol>\n<\/li>\n<li>Das Hotel hat den Kunden von der Aus\u00fcbung des R\u00fccktrittsrechts unverz\u00fcglich in Kenntnis zu setzen.<\/li>\n<li>Bei berechtigtem R\u00fccktritt des Hotels entsteht kein Anspruch des Kunden auf Schadensersatz.<\/li>\n<\/ol>\n<h2>Schlussbestimmungen<\/h2>\n<ol>\n<li>\u00c4nderungen oder Erg\u00e4nzungen des Vertrags, der Antragsannahme oder dieser Allgemeinen Gesch\u00e4ftsbedingungen f\u00fcr die Hotelaufnahme sollen schriftlich erfolgen. Einseitige \u00c4nderungen oder Erg\u00e4nzungen durch den Kunden sind unwirksam.<\/li>\n<li>Erf\u00fcllungs- und Zahlungsort ist der Sitz des Hotels.<\/li>\n<li>Ausschlie\u00dflicher Gerichtsstand \u2013 auch f\u00fcr Scheck- und Wechselstreitigkeiten \u2013 ist im kaufm\u00e4nnischen Verkehr der gesellschaftsrechtliche Sitz des Hotels. Sofern ein Vertragspartner die Voraussetzung des \u00a7 38 Absatz 2 ZPO erf\u00fcllt und keinen allgemeinen Gerichtsstand im Inland hat, gilt als Gerichtsstand der gesellschaftsrechtliche Sitz des Hotels.<\/li>\n<li>Es gilt deutsches Recht. Die Anwendung des UN-Kaufrechts und des Kollisionsrechts ist ausgeschlossen.<\/li>\n<\/ol>\n<h2>Datenschutzrechtliche Erkl\u00e4rung<\/h2>\n<ol>\n<li>Wir speichern und verarbeiten Daten, die zur Vertragserf\u00fcllung erforderlich sind: Dies sind alle Daten, auf die das Hotel Zugriff haben muss, um der Verpflichtung aus dem Beherbergungsvertrag, dem Dienstleistungsvertrag oder anderen Vertr\u00e4gen, die vor, w\u00e4hrend oder nach dem Hotelaufenthalt geschlossen werden, nachkommen zu k\u00f6nnen.<\/li>\n<li>Zus\u00e4tzlich speichern und verarbeiten wir Daten, die zur Erf\u00fcllung einer sonstigen rechtlichen Verpflichtung erforderlich sind: F\u00fcr alle Daten, die f\u00fcr das ordnungsgem\u00e4\u00dfe Ausf\u00fcllen des Meldescheins erforderlich sind, ist das Hotel berechtigt und verpflichtet zu erheben. Ebenso alle Daten, die das Hotel aus steuer- oder handelsrechtlicher Sicht ben\u00f6tigt.<\/li>\n<li>Zur Verarbeitung weitergehender personenbezogener Daten erbitten wir bei Anreise in einer Anlage des Meldescheins um eine gesonderte Erlaubnis.<\/li>\n<li>Sie haben zu jeder Zeit und ohne Angabe von Gr\u00fcnden die M\u00f6glichkeit, der Verarbeitung Ihrer Daten zu widersprechen und deren L\u00f6schung zu verlangen. Die L\u00f6schung werden wir umgehend vornehmen. Sollte eine L\u00f6schung aufgrund gesetzlicher Vorgaben des Steuer- und Handelsrechts nicht m\u00f6glich sein, werden Ihre Daten nur f\u00fcr die sich f\u00fcr uns aus den Gesetzen ergebenden Pflichten verarbeitet. Eine Verarbeitung zu kommerziellen Zwecken findet nach einem Widerspruch nicht mehr statt.<\/li>\n<\/ol>\n<\/div><\/div><\/div><\/div><\/div>\n","protected":false},"excerpt":{"rendered":"","protected":false},"author":3,"featured_media":0,"parent":0,"menu_order":0,"comment_status":"closed","ping_status":"closed","template":"","meta":{"footnotes":""},"class_list":["post-2576","page","type-page","status-publish","hentry"],"yoast_head":"<!-- This site is optimized with the Yoast SEO plugin v27.4 - https:\/\/yoast.com\/product\/yoast-seo-wordpress\/ -->\n<title>AGB - Gebr\u00fcder Reo Hotel GmbH - Isny im Allg\u00e4u<\/title>\n<meta name=\"description\" content=\"Entdecken Sie die klaren Richtlinien des REOS HOTEL ISNY f\u00fcr Ihren Aufenthalt. Erfahren Sie mehr \u00fcber die Bedingungen f\u00fcr eine angenehme Erfahrung.\" \/>\n<meta name=\"robots\" content=\"index, follow, max-snippet:-1, max-image-preview:large, max-video-preview:-1\" \/>\n<link rel=\"canonical\" href=\"https:\/\/reos-hotel-allgaeu.de\/isny\/agb\/\" \/>\n<meta property=\"og:locale\" content=\"de_DE\" \/>\n<meta property=\"og:type\" content=\"article\" \/>\n<meta property=\"og:title\" content=\"AGB - Gebr\u00fcder Reo Hotel GmbH - Isny im Allg\u00e4u\" \/>\n<meta property=\"og:description\" content=\"Entdecken Sie die klaren Richtlinien des REOS HOTEL ISNY f\u00fcr Ihren Aufenthalt. Erfahren Sie mehr \u00fcber die Bedingungen f\u00fcr eine angenehme Erfahrung.\" \/>\n<meta property=\"og:url\" content=\"https:\/\/reos-hotel-allgaeu.de\/isny\/agb\/\" \/>\n<meta property=\"og:site_name\" content=\"Gebr\u00fcder Reo Hotel GmbH - Isny im Allg\u00e4u\" \/>\n<meta property=\"article:modified_time\" content=\"2023-12-21T12:50:59+00:00\" \/>\n<meta name=\"twitter:card\" content=\"summary_large_image\" \/>\n<meta name=\"twitter:label1\" content=\"Gesch\u00e4tzte Lesezeit\" \/>\n\t<meta name=\"twitter:data1\" content=\"8\u00a0Minuten\" \/>\n<script type=\"application\/ld+json\" class=\"yoast-schema-graph\">{\"@context\":\"https:\\\/\\\/schema.org\",\"@graph\":[{\"@type\":\"WebPage\",\"@id\":\"https:\\\/\\\/reos-hotel-allgaeu.de\\\/isny\\\/agb\\\/\",\"url\":\"https:\\\/\\\/reos-hotel-allgaeu.de\\\/isny\\\/agb\\\/\",\"name\":\"AGB - Gebr\u00fcder Reo Hotel GmbH - Isny im Allg\u00e4u\",\"isPartOf\":{\"@id\":\"https:\\\/\\\/reos-hotel-allgaeu.de\\\/isny\\\/#website\"},\"datePublished\":\"2022-12-18T12:48:00+00:00\",\"dateModified\":\"2023-12-21T12:50:59+00:00\",\"description\":\"Entdecken Sie die klaren Richtlinien des REOS HOTEL ISNY f\u00fcr Ihren Aufenthalt. Erfahren Sie mehr \u00fcber die Bedingungen f\u00fcr eine angenehme Erfahrung.\",\"breadcrumb\":{\"@id\":\"https:\\\/\\\/reos-hotel-allgaeu.de\\\/isny\\\/agb\\\/#breadcrumb\"},\"inLanguage\":\"de\",\"potentialAction\":[{\"@type\":\"ReadAction\",\"target\":[\"https:\\\/\\\/reos-hotel-allgaeu.de\\\/isny\\\/agb\\\/\"]}]},{\"@type\":\"BreadcrumbList\",\"@id\":\"https:\\\/\\\/reos-hotel-allgaeu.de\\\/isny\\\/agb\\\/#breadcrumb\",\"itemListElement\":[{\"@type\":\"ListItem\",\"position\":1,\"name\":\"Startseite\",\"item\":\"https:\\\/\\\/reos-hotel-allgaeu.de\\\/isny\\\/\"},{\"@type\":\"ListItem\",\"position\":2,\"name\":\"AGB\"}]},{\"@type\":\"WebSite\",\"@id\":\"https:\\\/\\\/reos-hotel-allgaeu.de\\\/isny\\\/#website\",\"url\":\"https:\\\/\\\/reos-hotel-allgaeu.de\\\/isny\\\/\",\"name\":\"Gebr\u00fcder Reo Hotel GmbH - Isny im Allg\u00e4u\",\"description\":\"\",\"publisher\":{\"@id\":\"https:\\\/\\\/reos-hotel-allgaeu.de\\\/isny\\\/#organization\"},\"potentialAction\":[{\"@type\":\"SearchAction\",\"target\":{\"@type\":\"EntryPoint\",\"urlTemplate\":\"https:\\\/\\\/reos-hotel-allgaeu.de\\\/isny\\\/?s={search_term_string}\"},\"query-input\":{\"@type\":\"PropertyValueSpecification\",\"valueRequired\":true,\"valueName\":\"search_term_string\"}}],\"inLanguage\":\"de\"},{\"@type\":\"Organization\",\"@id\":\"https:\\\/\\\/reos-hotel-allgaeu.de\\\/isny\\\/#organization\",\"name\":\"Gebr\u00fcder Reo Hotel GmbH - Isny im Allg\u00e4u\",\"url\":\"https:\\\/\\\/reos-hotel-allgaeu.de\\\/isny\\\/\",\"logo\":{\"@type\":\"ImageObject\",\"inLanguage\":\"de\",\"@id\":\"https:\\\/\\\/reos-hotel-allgaeu.de\\\/isny\\\/#\\\/schema\\\/logo\\\/image\\\/\",\"url\":\"https:\\\/\\\/reos-hotel-allgaeu.de\\\/isny\\\/wp-content\\\/uploads\\\/sites\\\/3\\\/2022\\\/12\\\/Favicon_Logo_REOS_Hotel.png\",\"contentUrl\":\"https:\\\/\\\/reos-hotel-allgaeu.de\\\/isny\\\/wp-content\\\/uploads\\\/sites\\\/3\\\/2022\\\/12\\\/Favicon_Logo_REOS_Hotel.png\",\"width\":512,\"height\":512,\"caption\":\"Gebr\u00fcder Reo Hotel GmbH - Isny im Allg\u00e4u\"},\"image\":{\"@id\":\"https:\\\/\\\/reos-hotel-allgaeu.de\\\/isny\\\/#\\\/schema\\\/logo\\\/image\\\/\"}}]}<\/script>\n<!-- \/ Yoast SEO plugin. -->","yoast_head_json":{"title":"AGB - Gebr\u00fcder Reo Hotel GmbH - Isny im Allg\u00e4u","description":"Entdecken Sie die klaren Richtlinien des REOS HOTEL ISNY f\u00fcr Ihren Aufenthalt. Erfahren Sie mehr \u00fcber die Bedingungen f\u00fcr eine angenehme Erfahrung.","robots":{"index":"index","follow":"follow","max-snippet":"max-snippet:-1","max-image-preview":"max-image-preview:large","max-video-preview":"max-video-preview:-1"},"canonical":"https:\/\/reos-hotel-allgaeu.de\/isny\/agb\/","og_locale":"de_DE","og_type":"article","og_title":"AGB - Gebr\u00fcder Reo Hotel GmbH - Isny im Allg\u00e4u","og_description":"Entdecken Sie die klaren Richtlinien des REOS HOTEL ISNY f\u00fcr Ihren Aufenthalt. Erfahren Sie mehr \u00fcber die Bedingungen f\u00fcr eine angenehme Erfahrung.","og_url":"https:\/\/reos-hotel-allgaeu.de\/isny\/agb\/","og_site_name":"Gebr\u00fcder Reo Hotel GmbH - Isny im Allg\u00e4u","article_modified_time":"2023-12-21T12:50:59+00:00","twitter_card":"summary_large_image","twitter_misc":{"Gesch\u00e4tzte Lesezeit":"8\u00a0Minuten"},"schema":{"@context":"https:\/\/schema.org","@graph":[{"@type":"WebPage","@id":"https:\/\/reos-hotel-allgaeu.de\/isny\/agb\/","url":"https:\/\/reos-hotel-allgaeu.de\/isny\/agb\/","name":"AGB - Gebr\u00fcder Reo Hotel GmbH - Isny im Allg\u00e4u","isPartOf":{"@id":"https:\/\/reos-hotel-allgaeu.de\/isny\/#website"},"datePublished":"2022-12-18T12:48:00+00:00","dateModified":"2023-12-21T12:50:59+00:00","description":"Entdecken Sie die klaren Richtlinien des REOS HOTEL ISNY f\u00fcr Ihren Aufenthalt. Erfahren Sie mehr \u00fcber die Bedingungen f\u00fcr eine angenehme Erfahrung.","breadcrumb":{"@id":"https:\/\/reos-hotel-allgaeu.de\/isny\/agb\/#breadcrumb"},"inLanguage":"de","potentialAction":[{"@type":"ReadAction","target":["https:\/\/reos-hotel-allgaeu.de\/isny\/agb\/"]}]},{"@type":"BreadcrumbList","@id":"https:\/\/reos-hotel-allgaeu.de\/isny\/agb\/#breadcrumb","itemListElement":[{"@type":"ListItem","position":1,"name":"Startseite","item":"https:\/\/reos-hotel-allgaeu.de\/isny\/"},{"@type":"ListItem","position":2,"name":"AGB"}]},{"@type":"WebSite","@id":"https:\/\/reos-hotel-allgaeu.de\/isny\/#website","url":"https:\/\/reos-hotel-allgaeu.de\/isny\/","name":"Gebr\u00fcder Reo Hotel GmbH - Isny im Allg\u00e4u","description":"","publisher":{"@id":"https:\/\/reos-hotel-allgaeu.de\/isny\/#organization"},"potentialAction":[{"@type":"SearchAction","target":{"@type":"EntryPoint","urlTemplate":"https:\/\/reos-hotel-allgaeu.de\/isny\/?s={search_term_string}"},"query-input":{"@type":"PropertyValueSpecification","valueRequired":true,"valueName":"search_term_string"}}],"inLanguage":"de"},{"@type":"Organization","@id":"https:\/\/reos-hotel-allgaeu.de\/isny\/#organization","name":"Gebr\u00fcder Reo Hotel GmbH - Isny im Allg\u00e4u","url":"https:\/\/reos-hotel-allgaeu.de\/isny\/","logo":{"@type":"ImageObject","inLanguage":"de","@id":"https:\/\/reos-hotel-allgaeu.de\/isny\/#\/schema\/logo\/image\/","url":"https:\/\/reos-hotel-allgaeu.de\/isny\/wp-content\/uploads\/sites\/3\/2022\/12\/Favicon_Logo_REOS_Hotel.png","contentUrl":"https:\/\/reos-hotel-allgaeu.de\/isny\/wp-content\/uploads\/sites\/3\/2022\/12\/Favicon_Logo_REOS_Hotel.png","width":512,"height":512,"caption":"Gebr\u00fcder Reo Hotel GmbH - Isny im Allg\u00e4u"},"image":{"@id":"https:\/\/reos-hotel-allgaeu.de\/isny\/#\/schema\/logo\/image\/"}}]}},"_links":{"self":[{"href":"https:\/\/reos-hotel-allgaeu.de\/isny\/wp-json\/wp\/v2\/pages\/2576","targetHints":{"allow":["GET"]}}],"collection":[{"href":"https:\/\/reos-hotel-allgaeu.de\/isny\/wp-json\/wp\/v2\/pages"}],"about":[{"href":"https:\/\/reos-hotel-allgaeu.de\/isny\/wp-json\/wp\/v2\/types\/page"}],"author":[{"embeddable":true,"href":"https:\/\/reos-hotel-allgaeu.de\/isny\/wp-json\/wp\/v2\/users\/3"}],"replies":[{"embeddable":true,"href":"https:\/\/reos-hotel-allgaeu.de\/isny\/wp-json\/wp\/v2\/comments?post=2576"}],"version-history":[{"count":3,"href":"https:\/\/reos-hotel-allgaeu.de\/isny\/wp-json\/wp\/v2\/pages\/2576\/revisions"}],"predecessor-version":[{"id":3442,"href":"https:\/\/reos-hotel-allgaeu.de\/isny\/wp-json\/wp\/v2\/pages\/2576\/revisions\/3442"}],"wp:attachment":[{"href":"https:\/\/reos-hotel-allgaeu.de\/isny\/wp-json\/wp\/v2\/media?parent=2576"}],"curies":[{"name":"wp","href":"https:\/\/api.w.org\/{rel}","templated":true}]}}